{"id":228,"date":"2026-03-23T12:58:03","date_gmt":"2026-03-23T12:58:03","guid":{"rendered":"https:\/\/clinicamare.eu\/?page_id=228"},"modified":"2026-03-25T14:46:26","modified_gmt":"2026-03-25T14:46:26","slug":"contacto","status":"publish","type":"page","link":"https:\/\/clinicamare.eu\/en\/contacto\/","title":{"rendered":"CONTACT"},"content":{"rendered":"<p>[et_pb_section fb_built=\u00bb1&#8243; prev_background_color=\u00bb#ffffff\u00bb admin_label=\u00bbHeader &#038; Contact Form\u00bb _builder_version=\u00bb4.27.5&#8243; _module_preset=\u00bbdefault\u00bb background_color=\u00bbgcid-8ce98ce1-4460-49e4-9cd7-b148b47c216c\u00bb custom_margin=\u00bb-13px|||||\u00bb custom_padding=\u00bb20px||84px|||\u00bb top_divider_style=\u00bbwaves\u00bb top_divider_height=\u00bb76px\u00bb top_divider_repeat=\u00bb1x\u00bb bottom_divider_style=\u00bbwave2&#8243; bottom_divider_color=\u00bb#e2e2e2&#8243; collapsed=\u00bbon\u00bb global_colors_info=\u00bb{%22gcid-8ce98ce1-4460-49e4-9cd7-b148b47c216c%22:%91%22background_color%22%93}\u00bb][et_pb_row _builder_version=\u00bb4.27.5&#8243; _module_preset=\u00bbdefault\u00bb custom_margin=\u00bb|auto|-104px|auto||\u00bb custom_padding=\u00bb0px||0px|||\u00bb global_colors_info=\u00bb{}\u00bb][et_pb_column type=\u00bb4_4&#8243; _builder_version=\u00bb4.27.5&#8243; _module_preset=\u00bbdefault\u00bb global_colors_info=\u00bb{}\u00bb][et_pb_text _builder_version=\u00bb4.27.5&#8243; _module_preset=\u00bbdefault\u00bb min_height=\u00bb138.8px\u00bb custom_padding=\u00bb59px||0px|||\u00bb animation_style=\u00bbfade\u00bb animation_duration=\u00bb800ms\u00bb hover_enabled=\u00bb0&#8243; global_colors_info=\u00bb{}\u00bb sticky_enabled=\u00bb0&#8243;]<\/p>\n<div style=\"text-align: center; margin-bottom: 40px; padding: 20px;\">\n<h1 style=\"font-weight: 300; color: #545454; letter-spacing: 1px; margin-bottom: 10px;\">Estamos aqu\u00ed para <span style=\"color: #87c7ec; font-weight: 600;\">ayudarte<\/span><\/h1>\n<p style=\"color: #888; font-size: 18px; font-weight: 300;\">Contacta con nosotros a trav\u00e9s de cualquier v\u00eda o vis\u00edtanos en Santander<\/p>\n<div style=\"width: 50px; height: 3px; background-color: #87c7ec; margin: 20px auto;\"><\/div>\n<\/div>\n<p>[\/et_pb_text][\/et_pb_column][\/et_pb_row][et_pb_row column_structure=\u00bb1_4,1_4,1_4,1_4&#8243; use_custom_gutter=\u00bbon\u00bb gutter_width=\u00bb2&#8243; make_equal=\u00bbon\u00bb _builder_version=\u00bb4.27.5&#8243; _module_preset=\u00bbdefault\u00bb min_height=\u00bb298.4px\u00bb custom_margin=\u00bb50px||||false|false\u00bb custom_padding=\u00bb46px||47px|||\u00bb global_colors_info=\u00bb{}\u00bb][et_pb_column type=\u00bb1_4&#8243; _builder_version=\u00bb4.27.5&#8243; _module_preset=\u00bbdefault\u00bb global_colors_info=\u00bb{}\u00bb][et_pb_blurb title=\u00bbUbicacion\u00bb use_icon=\u00bbon\u00bb font_icon=\u00bb&#xe01d;||divi||400&#8243; font_icon_tablet=\u00bb\ue01d||divi||400&#8243; font_icon_phone=\u00bb\ue01d||divi||400&#8243; font_icon_last_edited=\u00bbon|desktop\u00bb _builder_version=\u00bb4.27.5&#8243; _module_preset=\u00bbdefault\u00bb text_orientation=\u00bbcenter\u00bb min_height=\u00bb100%\u00bb height=\u00bb100%\u00bb custom_padding=\u00bb30px|20px|30px|20px|false|false\u00bb animation_style=\u00bbfade\u00bb animation_delay=\u00bb400ms\u00bb border_radii=\u00bbon|15px|15px|15px|15px\u00bb border_width_all=\u00bb1px\u00bb border_color_all=\u00bbRGBA(255,255,255,0)\u00bb border_width_top=\u00bb3px\u00bb border_color_top=\u00bb#87C7EC\u00bb box_shadow_style=\u00bbpreset1&#8243; box_shadow_blur=\u00bb25px\u00bb box_shadow_color=\u00bbrgba(193,193,193,0.32)\u00bb text_shadow_style=\u00bbpreset1&#8243; global_colors_info=\u00bb{}\u00bb]<\/p>\n<p>Avda. Cardenal Herrera Oria 106, bajo Santander 39011<\/p>\n<p>[\/et_pb_blurb][\/et_pb_column][et_pb_column type=\u00bb1_4&#8243; _builder_version=\u00bb4.27.5&#8243; _module_preset=\u00bbdefault\u00bb global_colors_info=\u00bb{}\u00bb][et_pb_blurb title=\u00bbLl\u00e1manos\u00bb use_icon=\u00bbon\u00bb font_icon=\u00bb&#xf879;||fa||900&#8243; font_icon_tablet=\u00bb\uf879||fa||900&#8243; font_icon_phone=\u00bb\uf879||fa||900&#8243; font_icon_last_edited=\u00bbon|desktop\u00bb _builder_version=\u00bb4.27.5&#8243; _module_preset=\u00bbdefault\u00bb text_orientation=\u00bbcenter\u00bb min_height=\u00bb100%\u00bb height=\u00bb100%\u00bb custom_padding=\u00bb30px|20px|30px|20px|false|false\u00bb animation_style=\u00bbfade\u00bb animation_delay=\u00bb600ms\u00bb border_radii=\u00bbon|15px|15px|15px|15px\u00bb border_width_all=\u00bb1px\u00bb border_color_all=\u00bbRGBA(255,255,255,0)\u00bb border_width_top=\u00bb3px\u00bb border_color_top=\u00bb#87C7EC\u00bb box_shadow_style=\u00bbpreset1&#8243; box_shadow_blur=\u00bb25px\u00bb box_shadow_color=\u00bbrgba(193,193,193,0.32)\u00bb text_shadow_style=\u00bbpreset1&#8243; global_colors_info=\u00bb{}\u00bb]<\/p>\n<p>Tel\u00e9fono<br \/>606549439<\/p>\n<p>[\/et_pb_blurb][\/et_pb_column][et_pb_column type=\u00bb1_4&#8243; _builder_version=\u00bb4.27.5&#8243; _module_preset=\u00bbdefault\u00bb global_colors_info=\u00bb{}\u00bb][et_pb_blurb title=\u00bbHorario\u00bb use_icon=\u00bbon\u00bb font_icon=\u00bb&#x7d;||divi||400&#8243; font_icon_tablet=\u00bb}||divi||400&#8243; font_icon_phone=\u00bb}||divi||400&#8243; font_icon_last_edited=\u00bbon|desktop\u00bb _builder_version=\u00bb4.27.5&#8243; _module_preset=\u00bbdefault\u00bb text_orientation=\u00bbcenter\u00bb min_height=\u00bb100%\u00bb height=\u00bb100%\u00bb custom_padding=\u00bb30px|20px|30px|20px|false|false\u00bb animation_style=\u00bbfade\u00bb animation_delay=\u00bb800ms\u00bb border_radii=\u00bbon|15px|15px|15px|15px\u00bb border_width_all=\u00bb1px\u00bb border_color_all=\u00bbRGBA(255,255,255,0)\u00bb border_width_top=\u00bb3px\u00bb border_color_top=\u00bb#87C7EC\u00bb box_shadow_style=\u00bbpreset1&#8243; box_shadow_blur=\u00bb25px\u00bb box_shadow_color=\u00bbrgba(193,193,193,0.32)\u00bb text_shadow_style=\u00bbpreset1&#8243; global_colors_info=\u00bb{}\u00bb]<\/p>\n<p>L-J: 8:30 a 20:30<br \/>V: 8:30 a 15:00<\/p>\n<p>[\/et_pb_blurb][\/et_pb_column][et_pb_column type=\u00bb1_4&#8243; _builder_version=\u00bb4.27.5&#8243; _module_preset=\u00bbdefault\u00bb global_colors_info=\u00bb{}\u00bb][et_pb_blurb title=\u00bbEscr\u00edbenos\u00bb use_icon=\u00bbon\u00bb font_icon=\u00bb&#xf0e0;||fa||400&#8243; font_icon_tablet=\u00bb\uf0e0||fa||400&#8243; font_icon_phone=\u00bb\uf0e0||fa||400&#8243; font_icon_last_edited=\u00bbon|desktop\u00bb _builder_version=\u00bb4.27.5&#8243; _module_preset=\u00bbdefault\u00bb text_orientation=\u00bbcenter\u00bb min_height=\u00bb100%\u00bb height=\u00bb100%\u00bb custom_padding=\u00bb30px|20px|30px|20px|false|false\u00bb animation_style=\u00bbfade\u00bb animation_delay=\u00bb1000ms\u00bb border_radii=\u00bbon|15px|15px|15px|15px\u00bb border_width_all=\u00bb1px\u00bb border_color_all=\u00bbRGBA(255,255,255,0)\u00bb border_width_top=\u00bb3px\u00bb border_color_top=\u00bb#87C7EC\u00bb box_shadow_style=\u00bbpreset1&#8243; box_shadow_blur=\u00bb25px\u00bb box_shadow_color=\u00bbrgba(193,193,193,0.32)\u00bb text_shadow_style=\u00bbpreset1&#8243; global_colors_info=\u00bb{}\u00bb]<\/p>\n<p>contacto@clinicamare.es<\/p>\n<p>[\/et_pb_blurb][\/et_pb_column][\/et_pb_row][\/et_pb_section][et_pb_section fb_built=\u00bb1&#8243; admin_label=\u00bbHeader &#038; Contact Form\u00bb _builder_version=\u00bb4.27.5&#8243; _module_preset=\u00bbdefault\u00bb background_color=\u00bbgcid-8ce98ce1-4460-49e4-9cd7-b148b47c216c\u00bb min_height=\u00bb926px\u00bb custom_margin=\u00bb-2px|||||\u00bb custom_padding=\u00bb102px||0px|||\u00bb top_divider_style=\u00bbwave\u00bb top_divider_color=\u00bb#e2e2e2&#8243; bottom_divider_style=\u00bbwave2&#8243; bottom_divider_color=\u00bb#e2e2e2&#8243; collapsed=\u00bbon\u00bb global_colors_info=\u00bb{%22gcid-8ce98ce1-4460-49e4-9cd7-b148b47c216c%22:%91%22background_color%22%93}\u00bb][et_pb_row _builder_version=\u00bb4.27.5&#8243; _module_preset=\u00bbdefault\u00bb width=\u00bb74.6%\u00bb global_colors_info=\u00bb{}\u00bb][et_pb_column type=\u00bb4_4&#8243; _builder_version=\u00bb4.27.5&#8243; _module_preset=\u00bbdefault\u00bb global_colors_info=\u00bb{}\u00bb][et_pb_contact_form email=\u00bbcontacto@clinicamare.es\u00bb title=\u00bbCONTACTO CON CLINICA MARE\u00bb custom_message=\u00bbMensaje enviado desde el formulario de contacto de la la p\u00e1gina web de Clinica Mare:||et_pb_line_break_holder||||et_pb_line_break_holder||Nombre: %%Name%%||et_pb_line_break_holder||Email: %%Email%%||et_pb_line_break_holder||Tel\u00e9fono: %%Phone%%||et_pb_line_break_holder||Mensaje: %%Message%%\u00bb success_message=\u00bbGracias por contactar con nosotros.\u00bb _builder_version=\u00bb4.27.5&#8243; _dynamic_attributes=\u00bblink_option_url\u00bb _module_preset=\u00bbdefault\u00bb _unique_id=\u00bb256fd9bd-c616-4d93-ad68-cd4addc913a8&#8243; width=\u00bb100%\u00bb min_height=\u00bb433.8px\u00bb custom_padding=\u00bb|17px|25px|24px||\u00bb link_option_url=\u00bb@ET-DC@eyJkeW5hbWljIjp0cnVlLCJjb250ZW50IjoicG9zdF9saW5rX3VybF9wYWdlIiwic2V0dGluZ3MiOnsicG9zdF9pZCI6IjIzMCJ9fQ==@\u00bb link_option_url_new_window=\u00bbon\u00bb global_module=\u00bb166&#8243; saved_tabs=\u00bball\u00bb global_colors_info=\u00bb{}\u00bb][et_pb_contact_field field_id=\u00bbName\u00bb field_title=\u00bbNombre*\u00bb _builder_version=\u00bb4.27.5&#8243; global_colors_info=\u00bb{}\u00bb button_text_size__hover_enabled=\u00bboff\u00bb button_one_text_size__hover_enabled=\u00bboff\u00bb button_two_text_size__hover_enabled=\u00bboff\u00bb button_text_color__hover_enabled=\u00bboff\u00bb button_one_text_color__hover_enabled=\u00bboff\u00bb button_two_text_color__hover_enabled=\u00bboff\u00bb button_border_width__hover_enabled=\u00bboff\u00bb button_one_border_width__hover_enabled=\u00bboff\u00bb button_two_border_width__hover_enabled=\u00bboff\u00bb button_border_color__hover_enabled=\u00bboff\u00bb button_one_border_color__hover_enabled=\u00bboff\u00bb button_two_border_color__hover_enabled=\u00bboff\u00bb button_border_radius__hover_enabled=\u00bboff\u00bb button_one_border_radius__hover_enabled=\u00bboff\u00bb button_two_border_radius__hover_enabled=\u00bboff\u00bb button_letter_spacing__hover_enabled=\u00bboff\u00bb button_one_letter_spacing__hover_enabled=\u00bboff\u00bb button_two_letter_spacing__hover_enabled=\u00bboff\u00bb button_bg_color__hover_enabled=\u00bboff\u00bb button_one_bg_color__hover_enabled=\u00bboff\u00bb button_two_bg_color__hover_enabled=\u00bboff\u00bb][\/et_pb_contact_field][et_pb_contact_field field_id=\u00bbEmail\u00bb field_title=\u00bbDirecci\u00f3n de correo electr\u00f3nico*\u00bb field_type=\u00bbemail\u00bb _builder_version=\u00bb4.27.5&#8243; global_colors_info=\u00bb{}\u00bb button_text_size__hover_enabled=\u00bboff\u00bb button_one_text_size__hover_enabled=\u00bboff\u00bb button_two_text_size__hover_enabled=\u00bboff\u00bb button_text_color__hover_enabled=\u00bboff\u00bb button_one_text_color__hover_enabled=\u00bboff\u00bb button_two_text_color__hover_enabled=\u00bboff\u00bb button_border_width__hover_enabled=\u00bboff\u00bb button_one_border_width__hover_enabled=\u00bboff\u00bb button_two_border_width__hover_enabled=\u00bboff\u00bb button_border_color__hover_enabled=\u00bboff\u00bb button_one_border_color__hover_enabled=\u00bboff\u00bb button_two_border_color__hover_enabled=\u00bboff\u00bb button_border_radius__hover_enabled=\u00bboff\u00bb button_one_border_radius__hover_enabled=\u00bboff\u00bb button_two_border_radius__hover_enabled=\u00bboff\u00bb button_letter_spacing__hover_enabled=\u00bboff\u00bb button_one_letter_spacing__hover_enabled=\u00bboff\u00bb button_two_letter_spacing__hover_enabled=\u00bboff\u00bb button_bg_color__hover_enabled=\u00bboff\u00bb button_one_bg_color__hover_enabled=\u00bboff\u00bb button_two_bg_color__hover_enabled=\u00bboff\u00bb][\/et_pb_contact_field][et_pb_contact_field field_id=\u00bbPhone\u00bb field_title=\u00bbTel\u00e9fono*\u00bb fullwidth_field=\u00bbon\u00bb _builder_version=\u00bb4.21.0&#8243; _module_preset=\u00bbdefault\u00bb global_colors_info=\u00bb{}\u00bb][\/et_pb_contact_field][et_pb_contact_field field_id=\u00bbMessage\u00bb field_title=\u00bbMensaje*\u00bb field_type=\u00bbtext\u00bb fullwidth_field=\u00bbon\u00bb _builder_version=\u00bb4.18.0&#8243; global_colors_info=\u00bb{}\u00bb button_text_size__hover_enabled=\u00bboff\u00bb button_one_text_size__hover_enabled=\u00bboff\u00bb button_two_text_size__hover_enabled=\u00bboff\u00bb button_text_color__hover_enabled=\u00bboff\u00bb button_one_text_color__hover_enabled=\u00bboff\u00bb button_two_text_color__hover_enabled=\u00bboff\u00bb button_border_width__hover_enabled=\u00bboff\u00bb button_one_border_width__hover_enabled=\u00bboff\u00bb button_two_border_width__hover_enabled=\u00bboff\u00bb button_border_color__hover_enabled=\u00bboff\u00bb button_one_border_color__hover_enabled=\u00bboff\u00bb button_two_border_color__hover_enabled=\u00bboff\u00bb button_border_radius__hover_enabled=\u00bboff\u00bb button_one_border_radius__hover_enabled=\u00bboff\u00bb button_two_border_radius__hover_enabled=\u00bboff\u00bb button_letter_spacing__hover_enabled=\u00bboff\u00bb button_one_letter_spacing__hover_enabled=\u00bboff\u00bb button_two_letter_spacing__hover_enabled=\u00bboff\u00bb button_bg_color__hover_enabled=\u00bboff\u00bb button_one_bg_color__hover_enabled=\u00bboff\u00bb button_two_bg_color__hover_enabled=\u00bboff\u00bb][\/et_pb_contact_field][et_pb_contact_field field_id=\u00bbconsentimiento\u00bb field_title=\u00bb \u00bb field_type=\u00bbcheckbox\u00bb checkbox_options=\u00bb%91{%22value%22:%22He le\u00eddo y acepto %22,%22checked%22:0,%22dragID%22:-1,%22link_url%22:%22https:\/\/clinicamare.eu\/politica%20de%20privacidad\/%22,%22link_text%22:%22la pol\u00edtica de privacidad%22}%93&#8243; fullwidth_field=\u00bbon\u00bb _builder_version=\u00bb4.27.5&#8243; _dynamic_attributes=\u00bblink_option_url\u00bb _module_preset=\u00bbdefault\u00bb width=\u00bb100%\u00bb max_width=\u00bb100%\u00bb module_alignment=\u00bbleft\u00bb link_option_url=\u00bb@ET-DC@eyJkeW5hbWljIjp0cnVlLCJjb250ZW50IjoicG9zdF9saW5rX3VybF9wYWdlIiwic2V0dGluZ3MiOnsicG9zdF9pZCI6IjExNiJ9fQ==@\u00bb link_option_url_new_window=\u00bbon\u00bb global_colors_info=\u00bb{}\u00bb][\/et_pb_contact_field][\/et_pb_contact_form][\/et_pb_column][\/et_pb_row][\/et_pb_section][et_pb_section fb_built=\u00bb1&#8243; admin_label=\u00bbHeader &#038; Contact Form\u00bb _builder_version=\u00bb4.27.5&#8243; _module_preset=\u00bbdefault\u00bb background_color=\u00bbgcid-8ce98ce1-4460-49e4-9cd7-b148b47c216c\u00bb min_height=\u00bb77px\u00bb custom_margin=\u00bb0px|||||\u00bb custom_padding=\u00bb4px||26px|||\u00bb top_divider_style=\u00bbwave\u00bb top_divider_color=\u00bb#e2e2e2&#8243; collapsed=\u00bbon\u00bb global_colors_info=\u00bb{%22gcid-8ce98ce1-4460-49e4-9cd7-b148b47c216c%22:%91%22background_color%22%93}\u00bb][et_pb_row column_structure=\u00bb1_3,1_3,1_3&#8243; _builder_version=\u00bb4.27.5&#8243; _module_preset=\u00bbdefault\u00bb custom_margin=\u00bb0px|auto||auto||\u00bb custom_padding=\u00bb91px|||||\u00bb global_module=\u00bb481&#8243; saved_tabs=\u00bball\u00bb global_colors_info=\u00bb{}\u00bb][et_pb_column type=\u00bb1_3&#8243; _builder_version=\u00bb4.27.5&#8243; _module_preset=\u00bbdefault\u00bb global_colors_info=\u00bb{}\u00bb][et_pb_blurb title=\u00bbNUESTRA ESENCIA\u00bb image=\u00bbhttps:\/\/clinicamare.eu\/wp-content\/uploads\/2026\/03\/logotipo_clinica-mare.png\u00bb image_icon_width=\u00bb56%\u00bb icon_alignment=\u00bbleft\u00bb _builder_version=\u00bb4.27.5&#8243; _module_preset=\u00bbdefault\u00bb global_colors_info=\u00bb{}\u00bb]<\/p>\n<div class=\"footer-about\" style=\"margin-top: 5px; text-align: left;\">\n<p style=\"font-family: inherit; font-size: 15px; color: #444; line-height: 1.6em; margin-bottom: 15px;\">\n        En <strong>Cl\u00ednica mar\u0113<\/strong> somos un equipo de fisioterapeutas que creemos en una forma diferente de cuidar: m\u00e1s cercana, m\u00e1s humana y adaptada a cada persona.\n    <\/p>\n<p style=\"font-family: inherit; font-size: 14px; color: #777; font-style: italic; border-left: 2px solid #aecadb; padding-left: 15px;\">\n        \u00abLo que somos capaces de sentir y transmitir con nuestras manos.\u00bb\n    <\/p>\n<\/div>\n<p>[\/et_pb_blurb][\/et_pb_column][et_pb_column type=\u00bb1_3&#8243; _builder_version=\u00bb4.27.5&#8243; _module_preset=\u00bbdefault\u00bb global_colors_info=\u00bb{}\u00bb][et_pb_text _builder_version=\u00bb4.27.5&#8243; _module_preset=\u00bbdefault\u00bb custom_padding=\u00bb|9px||||\u00bb global_colors_info=\u00bb{}\u00bb]<\/p>\n<div class=\"footer-col-2\" style=\"text-align: left;\">\n<h3 style=\"font-family: inherit; color: #2c3e50; font-size: 17px; letter-spacing: 1px; margin-bottom: 20px; text-transform: uppercase; border-bottom: 2px solid #aecadb; display: inline-block; padding-bottom: 5px;\">D\u00f3nde estamos<\/h3>\n<div style=\"margin-bottom: 15px; display: flex; align-items: flex-start;\">\n<p><span style=\"font-family: 'ETmodules'; color: #aecadb; margin-right: 12px; font-size: 20px; line-height: 1;\">\ue01d<\/span><\/p>\n<p>&nbsp;<\/p>\n<p style=\"font-family: inherit; font-size: 15px; color: #444; line-height: 1.5em; margin: 0;\">Avda. Cardenal Herrera Oria 106, bajo.<br \/>39011, Santander.<\/p>\n<\/div>\n<div style=\"margin-bottom: 12px; display: flex; align-items: center;\">\n<p><span style=\"font-family: 'ETmodules'; color: #aecadb; margin-right: 12px; font-size: 20px; line-height: 1;\">\ue090<\/span><\/p>\n<p>&nbsp;<\/p>\n<p style=\"font-family: inherit; font-size: 15px; color: #444; margin: 0;\"><strong>606 549 439<\/strong><\/p>\n<\/div>\n<div style=\"display: flex; align-items: center;\">\n<p><span style=\"font-family: 'ETmodules'; color: #aecadb; margin-right: 12px; font-size: 20px; line-height: 1;\">\ue010<\/span><\/p>\n<p>&nbsp;<\/p>\n<p style=\"font-family: inherit; font-size: 15px; color: #444; margin: 0;\">contacto@clinicamare.es<\/p>\n<\/div>\n<\/div>\n<p>[\/et_pb_text][\/et_pb_column][et_pb_column type=\u00bb1_3&#8243; _builder_version=\u00bb4.27.5&#8243; _module_preset=\u00bbdefault\u00bb global_colors_info=\u00bb{}\u00bb][et_pb_text _builder_version=\u00bb4.27.5&#8243; _module_preset=\u00bbdefault\u00bb custom_margin=\u00bb|||7px||\u00bb global_colors_info=\u00bb{}\u00bb]<\/p>\n<div class=\"footer-col-3\" style=\"text-align: left;\">\n<h3 style=\"font-family: inherit; color: #2c3e50; font-size: 17px; letter-spacing: 1px; margin-bottom: 20px; text-transform: uppercase; border-bottom: 2px solid #aecadb; display: inline-block; padding-bottom: 5px;\">Nuestro Horario<\/h3>\n<div style=\"margin-bottom: 15px; display: flex; align-items: flex-start;\">\n<p><span style=\"font-family: 'ETmodules'; color: #aecadb; margin-right: 12px; font-size: 20px; line-height: 1.2;\">\ue023<\/span><\/p>\n<p>&nbsp;<\/p>\n<p style=\"font-family: inherit; font-size: 15px; color: #444; line-height: 1.5em; margin: 0;\"><strong>Lunes a Jueves:<\/strong><br \/>8:30 a 20:30<\/p>\n<\/div>\n<div style=\"display: flex; align-items: flex-start;\">\n<p><span style=\"font-family: 'ETmodules'; color: #aecadb; margin-right: 12px; font-size: 20px; line-height: 1.2;\">\ue023<\/span><\/p>\n<p>&nbsp;<\/p>\n<p style=\"font-family: inherit; font-size: 15px; color: #444; line-height: 1.5em; margin: 0;\"><strong>Viernes:<\/strong><br \/>8:30 a 15:00<\/p>\n<\/div>\n<p style=\"font-family: inherit; font-size: 13px; color: #888; margin-top: 15px; font-style: italic;\">* Atenci\u00f3n bajo cita previa.<\/p>\n<\/div>\n<p>[\/et_pb_text][\/et_pb_column][\/et_pb_row][\/et_pb_section]<\/p>\n","protected":false},"excerpt":{"rendered":"<p>Estamos aqu\u00ed para ayudarte Contacta con nosotros a trav\u00e9s de cualquier v\u00eda o vis\u00edtanos en Santander Avda. Cardenal Herrera Oria 106, bajo Santander 39011Tel\u00e9fono606549439L-J: 8:30 a 20:30V: 8:30 a 15:00contacto@clinicamare.es En Cl\u00ednica mar\u0113 somos un equipo de fisioterapeutas que creemos en una forma diferente de cuidar: m\u00e1s cercana, m\u00e1s humana y adaptada a cada persona. <a href=\"https:\/\/clinicamare.eu\/en\/contacto\/\" class=\"more-link\" aria-label=\"Read more about CONTACTO\">Read more<\/a><\/p>","protected":false},"author":1,"featured_media":0,"parent":0,"menu_order":0,"comment_status":"closed","ping_status":"closed","template":"","meta":{"_et_pb_use_builder":"on","_et_pb_old_content":"","_et_gb_content_width":"","_monsterinsights_skip_tracking":false,"_monsterinsights_sitenote_active":false,"_monsterinsights_sitenote_note":"","_monsterinsights_sitenote_category":0,"_joinchat":[],"footnotes":""},"class_list":["post-228","page","type-page","status-publish","hentry"],"yoast_head":"<!-- This site is optimized with the Yoast SEO plugin v27.5 - https:\/\/yoast.com\/product\/yoast-seo-wordpress\/ -->\n<title>CONTACTO - Clinica Mare<\/title>\n<meta name=\"robots\" content=\"index, follow, max-snippet:-1, max-image-preview:large, max-video-preview:-1\" \/>\n<link rel=\"canonical\" href=\"https:\/\/clinicamare.eu\/en\/contacto\/\" \/>\n<meta property=\"og:locale\" content=\"en_GB\" \/>\n<meta property=\"og:type\" content=\"article\" \/>\n<meta property=\"og:title\" content=\"CONTACTO - Clinica Mare\" \/>\n<meta property=\"og:description\" content=\"Estamos aqu\u00ed para ayudarte Contacta con nosotros a trav\u00e9s de cualquier v\u00eda o vis\u00edtanos en Santander Avda. Cardenal Herrera Oria 106, bajo Santander 39011Tel\u00e9fono606549439L-J: 8:30 a 20:30V: 8:30 a 15:00contacto@clinicamare.es En Cl\u00ednica mar\u0113 somos un equipo de fisioterapeutas que creemos en una forma diferente de cuidar: m\u00e1s cercana, m\u00e1s humana y adaptada a cada persona. Read more\" \/>\n<meta property=\"og:url\" content=\"https:\/\/clinicamare.eu\/en\/contacto\/\" \/>\n<meta property=\"og:site_name\" content=\"Clinica Mare\" \/>\n<meta property=\"article:modified_time\" content=\"2026-03-25T14:46:26+00:00\" \/>\n<meta name=\"twitter:card\" content=\"summary_large_image\" \/>\n<meta name=\"twitter:label1\" content=\"Estimated reading time\" \/>\n\t<meta name=\"twitter:data1\" content=\"2 minutes\" \/>\n<script type=\"application\/ld+json\" class=\"yoast-schema-graph\">{\"@context\":\"https:\\\/\\\/schema.org\",\"@graph\":[{\"@type\":\"WebPage\",\"@id\":\"https:\\\/\\\/clinicamare.eu\\\/contacto\\\/\",\"url\":\"https:\\\/\\\/clinicamare.eu\\\/contacto\\\/\",\"name\":\"CONTACTO - Clinica Mare\",\"isPartOf\":{\"@id\":\"https:\\\/\\\/clinicamare.eu\\\/#website\"},\"datePublished\":\"2026-03-23T12:58:03+00:00\",\"dateModified\":\"2026-03-25T14:46:26+00:00\",\"breadcrumb\":{\"@id\":\"https:\\\/\\\/clinicamare.eu\\\/contacto\\\/#breadcrumb\"},\"inLanguage\":\"en-GB\",\"potentialAction\":[{\"@type\":\"ReadAction\",\"target\":[\"https:\\\/\\\/clinicamare.eu\\\/contacto\\\/\"]}]},{\"@type\":\"BreadcrumbList\",\"@id\":\"https:\\\/\\\/clinicamare.eu\\\/contacto\\\/#breadcrumb\",\"itemListElement\":[{\"@type\":\"ListItem\",\"position\":1,\"name\":\"Portada\",\"item\":\"https:\\\/\\\/clinicamare.eu\\\/\"},{\"@type\":\"ListItem\",\"position\":2,\"name\":\"CONTACTO\"}]},{\"@type\":\"WebSite\",\"@id\":\"https:\\\/\\\/clinicamare.eu\\\/#website\",\"url\":\"https:\\\/\\\/clinicamare.eu\\\/\",\"name\":\"Clinica Mare\",\"description\":\"Recupera tu bienestar. Cuida de lo que m\u00e1s importa. En Cl\u00ednica mar\u0113 te acompa\u00f1amos para aliviar el dolor, recuperar el movimiento y cuidar de ti y de tu beb\u00e9 con un enfoque cercano y personalizado. Somos una cl\u00ednica de fisioterapia especializada en Santander\",\"potentialAction\":[{\"@type\":\"SearchAction\",\"target\":{\"@type\":\"EntryPoint\",\"urlTemplate\":\"https:\\\/\\\/clinicamare.eu\\\/?s={search_term_string}\"},\"query-input\":{\"@type\":\"PropertyValueSpecification\",\"valueRequired\":true,\"valueName\":\"search_term_string\"}}],\"inLanguage\":\"en-GB\"}]}<\/script>\n<!-- \/ Yoast SEO plugin. -->","yoast_head_json":{"title":"CONTACTO - Clinica Mare","robots":{"index":"index","follow":"follow","max-snippet":"max-snippet:-1","max-image-preview":"max-image-preview:large","max-video-preview":"max-video-preview:-1"},"canonical":"https:\/\/clinicamare.eu\/en\/contacto\/","og_locale":"en_GB","og_type":"article","og_title":"CONTACTO - Clinica Mare","og_description":"Estamos aqu\u00ed para ayudarte Contacta con nosotros a trav\u00e9s de cualquier v\u00eda o vis\u00edtanos en Santander Avda. Cardenal Herrera Oria 106, bajo Santander 39011Tel\u00e9fono606549439L-J: 8:30 a 20:30V: 8:30 a 15:00contacto@clinicamare.es En Cl\u00ednica mar\u0113 somos un equipo de fisioterapeutas que creemos en una forma diferente de cuidar: m\u00e1s cercana, m\u00e1s humana y adaptada a cada persona. Read more","og_url":"https:\/\/clinicamare.eu\/en\/contacto\/","og_site_name":"Clinica Mare","article_modified_time":"2026-03-25T14:46:26+00:00","twitter_card":"summary_large_image","twitter_misc":{"Estimated reading time":"2 minutes"},"schema":{"@context":"https:\/\/schema.org","@graph":[{"@type":"WebPage","@id":"https:\/\/clinicamare.eu\/contacto\/","url":"https:\/\/clinicamare.eu\/contacto\/","name":"CONTACTO - Clinica Mare","isPartOf":{"@id":"https:\/\/clinicamare.eu\/#website"},"datePublished":"2026-03-23T12:58:03+00:00","dateModified":"2026-03-25T14:46:26+00:00","breadcrumb":{"@id":"https:\/\/clinicamare.eu\/contacto\/#breadcrumb"},"inLanguage":"en-GB","potentialAction":[{"@type":"ReadAction","target":["https:\/\/clinicamare.eu\/contacto\/"]}]},{"@type":"BreadcrumbList","@id":"https:\/\/clinicamare.eu\/contacto\/#breadcrumb","itemListElement":[{"@type":"ListItem","position":1,"name":"Portada","item":"https:\/\/clinicamare.eu\/"},{"@type":"ListItem","position":2,"name":"CONTACTO"}]},{"@type":"WebSite","@id":"https:\/\/clinicamare.eu\/#website","url":"https:\/\/clinicamare.eu\/","name":"Clinica Mare","description":"Recupera tu bienestar. Cuida de lo que m\u00e1s importa. En Cl\u00ednica mar\u0113 te acompa\u00f1amos para aliviar el dolor, recuperar el movimiento y cuidar de ti y de tu beb\u00e9 con un enfoque cercano y personalizado. Somos una cl\u00ednica de fisioterapia especializada en Santander","potentialAction":[{"@type":"SearchAction","target":{"@type":"EntryPoint","urlTemplate":"https:\/\/clinicamare.eu\/?s={search_term_string}"},"query-input":{"@type":"PropertyValueSpecification","valueRequired":true,"valueName":"search_term_string"}}],"inLanguage":"en-GB"}]}},"_links":{"self":[{"href":"https:\/\/clinicamare.eu\/en\/wp-json\/wp\/v2\/pages\/228","targetHints":{"allow":["GET"]}}],"collection":[{"href":"https:\/\/clinicamare.eu\/en\/wp-json\/wp\/v2\/pages"}],"about":[{"href":"https:\/\/clinicamare.eu\/en\/wp-json\/wp\/v2\/types\/page"}],"author":[{"embeddable":true,"href":"https:\/\/clinicamare.eu\/en\/wp-json\/wp\/v2\/users\/1"}],"replies":[{"embeddable":true,"href":"https:\/\/clinicamare.eu\/en\/wp-json\/wp\/v2\/comments?post=228"}],"version-history":[{"count":33,"href":"https:\/\/clinicamare.eu\/en\/wp-json\/wp\/v2\/pages\/228\/revisions"}],"predecessor-version":[{"id":667,"href":"https:\/\/clinicamare.eu\/en\/wp-json\/wp\/v2\/pages\/228\/revisions\/667"}],"wp:attachment":[{"href":"https:\/\/clinicamare.eu\/en\/wp-json\/wp\/v2\/media?parent=228"}],"curies":[{"name":"wp","href":"https:\/\/api.w.org\/{rel}","templated":true}]}}