{"id":527,"date":"2026-03-24T16:46:05","date_gmt":"2026-03-24T16:46:05","guid":{"rendered":"https:\/\/clinicamare.eu\/?page_id=527"},"modified":"2026-03-24T17:01:56","modified_gmt":"2026-03-24T17:01:56","slug":"quienes-somos","status":"publish","type":"page","link":"https:\/\/clinicamare.eu\/en\/quienes-somos\/","title":{"rendered":"ABOUT US"},"content":{"rendered":"<p>[et_pb_section fb_built=\u00bb1&#8243; admin_label=\u00bbHeader\u00bb _builder_version=\u00bb4.27.5&#8243; _module_preset=\u00bbdefault\u00bb background_color=\u00bb#EDEDED\u00bb overflow-x=\u00bbhidden\u00bb overflow-y=\u00bbhidden\u00bb hover_enabled=\u00bb0&#8243; collapsed=\u00bbon\u00bb global_colors_info=\u00bb{}\u00bb custom_padding=\u00bb||25px|||\u00bb sticky_enabled=\u00bb0&#8243;][et_pb_row column_structure=\u00bb1_2,1_2&#8243; _builder_version=\u00bb4.23.1&#8243; _module_preset=\u00bbdefault\u00bb hover_enabled=\u00bb0&#8243; global_colors_info=\u00bb{}\u00bb sticky_enabled=\u00bb0&#8243;][et_pb_column type=\u00bb1_2&#8243; _builder_version=\u00bb4.23.1&#8243; _module_preset=\u00bbdefault\u00bb global_colors_info=\u00bb{}\u00bb][et_pb_text _builder_version=\u00bb4.27.5&#8243; _module_preset=\u00bbe15f1339-3e56-4e05-b717-1310d723d6b6&#8243; header_font=\u00bb|700|||||||\u00bb custom_margin=\u00bb||10px||false|false\u00bb hover_enabled=\u00bb0&#8243; global_colors_info=\u00bb{}\u00bb header_font_size=\u00bb60px\u00bb sticky_enabled=\u00bb0&#8243;]<\/p>\n<h1>QUI\u00c9NES SOMOS<\/h1>\n<p>[\/et_pb_text][et_pb_text _builder_version=\u00bb4.27.5&#8243; _module_preset=\u00bbe940b45c-522e-434d-b9c2-4d394af9aec9&#8243; hover_enabled=\u00bb0&#8243; global_colors_info=\u00bb{}\u00bb text_font_size=\u00bb20px\u00bb sticky_enabled=\u00bb0&#8243;]<\/p>\n<p>Cl\u00ednica mar\u0113 nace con la idea de crear un espacio familiar donde nuestros pacientes se sientan escuchados, cuidados y acompa\u00f1ados.<\/p>\n<p>[\/et_pb_text][et_pb_text _builder_version=\u00bb4.27.5&#8243; _module_preset=\u00bbe940b45c-522e-434d-b9c2-4d394af9aec9&#8243; hover_enabled=\u00bb0&#8243; global_colors_info=\u00bb{}\u00bb text_font_size=\u00bb20px\u00bb sticky_enabled=\u00bb0&#8243;]<\/p>\n<p>Entendemos la fisioterapia como algo m\u00e1s que tratar un dolor: es ayudarte a recuperar tu bienestar, tu equilibrio y la confianza en tu cuerpo.<\/p>\n<p>[\/et_pb_text][et_pb_text _builder_version=\u00bb4.27.5&#8243; _module_preset=\u00bbe940b45c-522e-434d-b9c2-4d394af9aec9&#8243; hover_enabled=\u00bb0&#8243; global_colors_info=\u00bb{}\u00bb sticky_enabled=\u00bb0&#8243; text_font_size=\u00bb20px\u00bb]<\/p>\n<p>Trabajamos desde un enfoque personalizado, adaptando cada tratamiento a lo que realmente necesitas en cada momento.<\/p>\n<p>[\/et_pb_text][\/et_pb_column][et_pb_column type=\u00bb1_2&#8243; _builder_version=\u00bb4.23.1&#8243; _module_preset=\u00bbdefault\u00bb global_colors_info=\u00bb{}\u00bb][et_pb_image src=\u00bbhttps:\/\/clinicamare.eu\/wp-content\/uploads\/2026\/03\/favicon.png\u00bb title_text=\u00bbfavicon\u00bb align=\u00bbcenter\u00bb _builder_version=\u00bb4.27.5&#8243; _module_preset=\u00bbdefault\u00bb global_colors_info=\u00bb{}\u00bb][\/et_pb_image][\/et_pb_column][\/et_pb_row][\/et_pb_section][et_pb_section fb_built=\u00bb1&#8243; admin_label=\u00bbFeatures\u00bb _builder_version=\u00bb4.27.5&#8243; _module_preset=\u00bbdefault\u00bb background_color=\u00bb#F9E2C0&#8243; hover_enabled=\u00bb0&#8243; collapsed=\u00bbon\u00bb global_colors_info=\u00bb{}\u00bb sticky_enabled=\u00bb0&#8243; top_divider_style=\u00bbwave2&#8243; top_divider_height=\u00bb56px\u00bb top_divider_color=\u00bb#EDEDED\u00bb][et_pb_row column_structure=\u00bb2_5,3_5&#8243; _builder_version=\u00bb4.23.1&#8243; _module_preset=\u00bbdefault\u00bb global_colors_info=\u00bb{}\u00bb custom_padding=\u00bb14px|||||\u00bb custom_margin=\u00bb-34px|auto||auto||\u00bb][et_pb_column type=\u00bb2_5&#8243; _builder_version=\u00bb4.23.1&#8243; _module_preset=\u00bbdefault\u00bb global_colors_info=\u00bb{}\u00bb][et_pb_image src=\u00bbhttps:\/\/clinicamare.eu\/wp-content\/uploads\/2026\/03\/FOTO03.jpg\u00bb title_text=\u00bbFOTO03&#8243; _builder_version=\u00bb4.27.5&#8243; _module_preset=\u00bbdefault\u00bb custom_margin=\u00bb|||-10vw|false|false\u00bb custom_margin_tablet=\u00bb|||0vw|false|false\u00bb custom_margin_phone=\u00bb|||0vw|false|false\u00bb custom_margin_last_edited=\u00bbon|tablet\u00bb hover_enabled=\u00bb0&#8243; global_colors_info=\u00bb{}\u00bb sticky_enabled=\u00bb0&#8243;][\/et_pb_image][\/et_pb_column][et_pb_column type=\u00bb3_5&#8243; _builder_version=\u00bb4.23.1&#8243; _module_preset=\u00bbdefault\u00bb custom_padding=\u00bb60px||||false|false\u00bb custom_padding_tablet=\u00bb0px||||false|false\u00bb custom_padding_phone=\u00bb0px||||false|false\u00bb custom_padding_last_edited=\u00bbon|desktop\u00bb global_colors_info=\u00bb{}\u00bb][et_pb_accordion open_toggle_background_color=\u00bbRGBA(255,255,255,0)\u00bb closed_toggle_background_color=\u00bbrgba(0,0,0,0.05)\u00bb toggle_icon=\u00bb&#xf067;||fa||900&#8243; icon_color=\u00bb#000000&#8243; _builder_version=\u00bb4.27.5&#8243; _module_preset=\u00bbdefault\u00bb toggle_text_color=\u00bb#000000&#8243; toggle_font=\u00bbPoppins|700|||||||\u00bb toggle_font_size=\u00bb20px\u00bb toggle_line_height=\u00bb1.4em\u00bb body_font_size=\u00bb16px\u00bb body_line_height=\u00bb1.8em\u00bb hover_enabled=\u00bb0&#8243; toggle_font_size_tablet=\u00bb16px\u00bb toggle_font_size_phone=\u00bb14px\u00bb toggle_font_size_last_edited=\u00bbon|desktop\u00bb body_font_size_tablet=\u00bb15px\u00bb body_font_size_phone=\u00bb14px\u00bb body_font_size_last_edited=\u00bbon|desktop\u00bb border_radii=\u00bbon|20px|20px|20px|20px\u00bb border_width_all=\u00bb2px\u00bb border_color_all=\u00bb#000000&#8243; locked=\u00bboff\u00bb global_colors_info=\u00bb{}\u00bb background_color=\u00bbrgba(249,227,225,0.21)\u00bb sticky_enabled=\u00bb0&#8243;][et_pb_accordion_item title=\u00bbESPECIALIDADES\u00bb _builder_version=\u00bb4.27.5&#8243; _module_preset=\u00bbdefault\u00bb hover_enabled=\u00bb0&#8243; global_colors_info=\u00bb{}\u00bb open=\u00bbon\u00bb toggle_font=\u00bbbaskerville display|700|||||||\u00bb sticky_enabled=\u00bb0&#8243;]<\/p>\n<p>Especializada en fisioterapia en lactancia materna y osteopat\u00eda pedi\u00e1trica. Acompa\u00f1o a beb\u00e9s y familias en dificultades con la lactancia, c\u00f3licos del lactante y alteraciones en el desarrollo, ofreciendo un tratamiento respetuoso y adaptado a cada caso. Mi objetivo es que las familias se sientan seguras, comprendidas y acompa\u00f1adas desde el primer momento.<\/p>\n<p>Contamos con un equipo de profesionales comprometidos con tu bienestar, especializados en fisioterapia general y ejercicio terap\u00e9utico. Trabajamos de forma coordinada para ofrecerte un tratamiento completo y adaptado a ti.<\/p>\n<p>La formaci\u00f3n continua forma parte de nuestra manera de cuidar, permiti\u00e9ndonos ofrecerte siempre un tratamiento actualizado y de calidad.<\/p>\n<p>[\/et_pb_accordion_item][et_pb_accordion_item title=\u00bbLORENA SOTO L\u00d3PEZ\u00bb open=\u00bboff\u00bb _builder_version=\u00bb4.27.5&#8243; _module_preset=\u00bbdefault\u00bb hover_enabled=\u00bb0&#8243; global_colors_info=\u00bb{}\u00bb toggle_font=\u00bbbaskerville display|700|||||||\u00bb sticky_enabled=\u00bb0&#8243;]<\/p>\n<ul>\n<li>Directora de Cl\u00ednica mar\u0113 desde 2018<\/li>\n<li>Colegiada n\u00ba 39\/385<\/li>\n<li>Diplomada en Fisioterapia en la Escuela Universitaria Gimbernat-Cantabria<\/li>\n<li>CO Osteopat\u00eda en la Escuela de Osteopat\u00eda de Madrid<\/li>\n<li>Especializaci\u00f3n en Osteopat\u00eda Pedi\u00e1trica<\/li>\n<li>Especializaci\u00f3n en Fisioterapia en Lactancia materna (A\u00fapale)<\/li>\n<li>Asesora de Lactancia Materna (Lactualizate)<\/li>\n<li>Curso de Especializaci\u00f3n en Anquiloglosia (Edulacta)<\/li>\n<li>Formaci\u00f3n en Fisioterapia invasiva (Travell &amp; Simons)<\/li>\n<li>Formaci\u00f3n en ecograf\u00eda m\u00fasculo esquel\u00e9tica (Mup Therapy)<\/li>\n<li>Postgrado en Fisioterapia Invasiva avanzada (NFD)<\/li>\n<li>Formaci\u00f3n en Ejercicio Terap\u00e9utico (Ivan Bennasar)<\/li>\n<li>Formaci\u00f3n en Fibr\u00f3lisis diacut\u00e1nea<\/li>\n<\/ul>\n<p>&nbsp;<\/p>\n<p>[\/et_pb_accordion_item][et_pb_accordion_item title=\u00bbCRISTINA MART\u00cdNEZ GUTI\u00c9RREZ\u00bb _builder_version=\u00bb4.27.5&#8243; _module_preset=\u00bbdefault\u00bb hover_enabled=\u00bb0&#8243; global_colors_info=\u00bb{}\u00bb open=\u00bboff\u00bb toggle_font=\u00bbbaskerville display|700|||||||\u00bb sticky_enabled=\u00bb0&#8243;][\/et_pb_accordion_item][et_pb_accordion_item title=\u00bbARIANE BARBA CASTRO\u00bb _builder_version=\u00bb4.27.5&#8243; _module_preset=\u00bbdefault\u00bb hover_enabled=\u00bb0&#8243; global_colors_info=\u00bb{}\u00bb open=\u00bboff\u00bb toggle_font=\u00bbbaskerville display|700|||||||\u00bb sticky_enabled=\u00bb0&#8243;][\/et_pb_accordion_item][et_pb_accordion_item title=\u00bbDIEGO \u00c1LVAREZ FERN\u00c1NDEZ\u00bb _builder_version=\u00bb4.27.5&#8243; _module_preset=\u00bbdefault\u00bb hover_enabled=\u00bb0&#8243; global_colors_info=\u00bb{}\u00bb open=\u00bboff\u00bb toggle_font=\u00bbbaskerville display|700|||||||\u00bb sticky_enabled=\u00bb0&#8243;][\/et_pb_accordion_item][\/et_pb_accordion][\/et_pb_column][\/et_pb_row][\/et_pb_section][et_pb_section fb_built=\u00bb1&#8243; _builder_version=\u00bb4.27.5&#8243; _module_preset=\u00bbdefault\u00bb top_divider_style=\u00bbwaves2&#8243; top_divider_color=\u00bb#F9E2C0&#8243; top_divider_height=\u00bb59px\u00bb global_colors_info=\u00bb{}\u00bb][et_pb_row column_structure=\u00bb1_3,1_3,1_3&#8243; _builder_version=\u00bb4.27.5&#8243; _module_preset=\u00bbdefault\u00bb custom_margin=\u00bb0px|auto||auto||\u00bb custom_padding=\u00bb91px|||||\u00bb global_module=\u00bb481&#8243; saved_tabs=\u00bball\u00bb global_colors_info=\u00bb{}\u00bb][et_pb_column type=\u00bb1_3&#8243; _builder_version=\u00bb4.27.5&#8243; _module_preset=\u00bbdefault\u00bb global_colors_info=\u00bb{}\u00bb][et_pb_blurb title=\u00bbNUESTRA ESENCIA\u00bb image=\u00bbhttps:\/\/clinicamare.eu\/wp-content\/uploads\/2026\/03\/logotipo_clinica-mare.png\u00bb image_icon_width=\u00bb56%\u00bb icon_alignment=\u00bbleft\u00bb _builder_version=\u00bb4.27.5&#8243; _module_preset=\u00bbdefault\u00bb global_colors_info=\u00bb{}\u00bb]<\/p>\n<div class=\"footer-about\" style=\"margin-top: 5px; text-align: left;\">\n<p style=\"font-family: inherit; font-size: 15px; color: #444; line-height: 1.6em; margin-bottom: 15px;\">\n        En <strong>Cl\u00ednica mar\u0113<\/strong> somos un equipo de fisioterapeutas que creemos en una forma diferente de cuidar: m\u00e1s cercana, m\u00e1s humana y adaptada a cada persona.\n    <\/p>\n<p style=\"font-family: inherit; font-size: 14px; color: #777; font-style: italic; border-left: 2px solid #aecadb; padding-left: 15px;\">\n        \u00abLo que somos capaces de sentir y transmitir con nuestras manos.\u00bb\n    <\/p>\n<\/div>\n<p>[\/et_pb_blurb][\/et_pb_column][et_pb_column type=\u00bb1_3&#8243; _builder_version=\u00bb4.27.5&#8243; _module_preset=\u00bbdefault\u00bb global_colors_info=\u00bb{}\u00bb][et_pb_text _builder_version=\u00bb4.27.5&#8243; _module_preset=\u00bbdefault\u00bb custom_padding=\u00bb|9px||||\u00bb global_colors_info=\u00bb{}\u00bb]<\/p>\n<div class=\"footer-col-2\" style=\"text-align: left;\">\n<h3 style=\"font-family: inherit; color: #2c3e50; font-size: 17px; letter-spacing: 1px; margin-bottom: 20px; text-transform: uppercase; border-bottom: 2px solid #aecadb; display: inline-block; padding-bottom: 5px;\">D\u00f3nde estamos<\/h3>\n<div style=\"margin-bottom: 15px; display: flex; align-items: flex-start;\">\n<p><span style=\"font-family: 'ETmodules'; color: #aecadb; margin-right: 12px; font-size: 20px; line-height: 1;\">\ue01d<\/span><\/p>\n<p style=\"font-family: inherit; font-size: 15px; color: #444; line-height: 1.5em; margin: 0;\">Avda. Cardenal Herrera Oria 106, bajo.<br \/>39011, Santander.<\/p>\n<\/div>\n<div style=\"margin-bottom: 12px; display: flex; align-items: center;\">\n<p><span style=\"font-family: 'ETmodules'; color: #aecadb; margin-right: 12px; font-size: 20px; line-height: 1;\">\ue090<\/span><\/p>\n<p style=\"font-family: inherit; font-size: 15px; color: #444; margin: 0;\"><strong>606 549 439<\/strong><\/p>\n<\/div>\n<div style=\"display: flex; align-items: center;\">\n<p><span style=\"font-family: 'ETmodules'; color: #aecadb; margin-right: 12px; font-size: 20px; line-height: 1;\">\ue010<\/span><\/p>\n<p style=\"font-family: inherit; font-size: 15px; color: #444; margin: 0;\">contacto@clinicamare.es<\/p>\n<\/div>\n<\/div>\n<p>[\/et_pb_text][\/et_pb_column][et_pb_column type=\u00bb1_3&#8243; _builder_version=\u00bb4.27.5&#8243; _module_preset=\u00bbdefault\u00bb global_colors_info=\u00bb{}\u00bb][et_pb_text _builder_version=\u00bb4.27.5&#8243; _module_preset=\u00bbdefault\u00bb custom_margin=\u00bb|||7px||\u00bb global_colors_info=\u00bb{}\u00bb]<\/p>\n<div class=\"footer-col-3\" style=\"text-align: left;\">\n<h3 style=\"font-family: inherit; color: #2c3e50; font-size: 17px; letter-spacing: 1px; margin-bottom: 20px; text-transform: uppercase; border-bottom: 2px solid #aecadb; display: inline-block; padding-bottom: 5px;\">Nuestro Horario<\/h3>\n<div style=\"margin-bottom: 15px; display: flex; align-items: flex-start;\">\n<p><span style=\"font-family: 'ETmodules'; color: #aecadb; margin-right: 12px; font-size: 20px; line-height: 1.2;\">\ue023<\/span><\/p>\n<p>&nbsp;<\/p>\n<p style=\"font-family: inherit; font-size: 15px; color: #444; line-height: 1.5em; margin: 0;\"><strong>Lunes a Jueves:<\/strong><br \/>8:30 a 20:30<\/p>\n<\/div>\n<div style=\"display: flex; align-items: flex-start;\">\n<p><span style=\"font-family: 'ETmodules'; color: #aecadb; margin-right: 12px; font-size: 20px; line-height: 1.2;\">\ue023<\/span><\/p>\n<p>&nbsp;<\/p>\n<p style=\"font-family: inherit; font-size: 15px; color: #444; line-height: 1.5em; margin: 0;\"><strong>Viernes:<\/strong><br \/>8:30 a 15:00<\/p>\n<\/div>\n<p style=\"font-family: inherit; font-size: 13px; color: #888; margin-top: 15px; font-style: italic;\">* Atenci\u00f3n bajo cita previa.<\/p>\n<\/div>\n<p>[\/et_pb_text][\/et_pb_column][\/et_pb_row][\/et_pb_section]<\/p>\n","protected":false},"excerpt":{"rendered":"<p>QUI\u00c9NES SOMOSCl\u00ednica mar\u0113 nace con la idea de crear un espacio familiar donde nuestros pacientes se sientan escuchados, cuidados y acompa\u00f1ados.Entendemos la fisioterapia como algo m\u00e1s que tratar un dolor: es ayudarte a recuperar tu bienestar, tu equilibrio y la confianza en tu cuerpo.Trabajamos desde un enfoque personalizado, adaptando cada tratamiento a lo que realmente <a href=\"https:\/\/clinicamare.eu\/en\/quienes-somos\/\" class=\"more-link\" aria-label=\"Read more about QUIENES SOMOS\">Read more<\/a><\/p>","protected":false},"author":1,"featured_media":0,"parent":0,"menu_order":0,"comment_status":"closed","ping_status":"closed","template":"","meta":{"_et_pb_use_builder":"on","_et_pb_old_content":"","_et_gb_content_width":"","_monsterinsights_skip_tracking":false,"_monsterinsights_sitenote_active":false,"_monsterinsights_sitenote_note":"","_monsterinsights_sitenote_category":0,"_joinchat":[],"footnotes":""},"class_list":["post-527","page","type-page","status-publish","hentry"],"yoast_head":"<!-- This site is optimized with the Yoast SEO plugin v27.5 - https:\/\/yoast.com\/product\/yoast-seo-wordpress\/ -->\n<title>QUIENES SOMOS - Clinica Mare<\/title>\n<meta name=\"robots\" content=\"index, follow, max-snippet:-1, max-image-preview:large, max-video-preview:-1\" \/>\n<link rel=\"canonical\" href=\"https:\/\/clinicamare.eu\/en\/quienes-somos\/\" \/>\n<meta property=\"og:locale\" content=\"en_GB\" \/>\n<meta property=\"og:type\" content=\"article\" \/>\n<meta property=\"og:title\" content=\"QUIENES SOMOS - Clinica Mare\" \/>\n<meta property=\"og:description\" content=\"QUI\u00c9NES SOMOSCl\u00ednica mar\u0113 nace con la idea de crear un espacio familiar donde nuestros pacientes se sientan escuchados, cuidados y acompa\u00f1ados.Entendemos la fisioterapia como algo m\u00e1s que tratar un dolor: es ayudarte a recuperar tu bienestar, tu equilibrio y la confianza en tu cuerpo.Trabajamos desde un enfoque personalizado, adaptando cada tratamiento a lo que realmente Read more\" \/>\n<meta property=\"og:url\" content=\"https:\/\/clinicamare.eu\/en\/quienes-somos\/\" \/>\n<meta property=\"og:site_name\" content=\"Clinica Mare\" \/>\n<meta property=\"article:modified_time\" content=\"2026-03-24T17:01:56+00:00\" \/>\n<meta name=\"twitter:card\" content=\"summary_large_image\" \/>\n<script type=\"application\/ld+json\" class=\"yoast-schema-graph\">{\"@context\":\"https:\\\/\\\/schema.org\",\"@graph\":[{\"@type\":\"WebPage\",\"@id\":\"https:\\\/\\\/clinicamare.eu\\\/quienes-somos\\\/\",\"url\":\"https:\\\/\\\/clinicamare.eu\\\/quienes-somos\\\/\",\"name\":\"QUIENES SOMOS - Clinica Mare\",\"isPartOf\":{\"@id\":\"https:\\\/\\\/clinicamare.eu\\\/#website\"},\"datePublished\":\"2026-03-24T16:46:05+00:00\",\"dateModified\":\"2026-03-24T17:01:56+00:00\",\"breadcrumb\":{\"@id\":\"https:\\\/\\\/clinicamare.eu\\\/quienes-somos\\\/#breadcrumb\"},\"inLanguage\":\"en-GB\",\"potentialAction\":[{\"@type\":\"ReadAction\",\"target\":[\"https:\\\/\\\/clinicamare.eu\\\/quienes-somos\\\/\"]}]},{\"@type\":\"BreadcrumbList\",\"@id\":\"https:\\\/\\\/clinicamare.eu\\\/quienes-somos\\\/#breadcrumb\",\"itemListElement\":[{\"@type\":\"ListItem\",\"position\":1,\"name\":\"Portada\",\"item\":\"https:\\\/\\\/clinicamare.eu\\\/\"},{\"@type\":\"ListItem\",\"position\":2,\"name\":\"QUIENES SOMOS\"}]},{\"@type\":\"WebSite\",\"@id\":\"https:\\\/\\\/clinicamare.eu\\\/#website\",\"url\":\"https:\\\/\\\/clinicamare.eu\\\/\",\"name\":\"Clinica Mare\",\"description\":\"Recupera tu bienestar. Cuida de lo que m\u00e1s importa. En Cl\u00ednica mar\u0113 te acompa\u00f1amos para aliviar el dolor, recuperar el movimiento y cuidar de ti y de tu beb\u00e9 con un enfoque cercano y personalizado. Somos una cl\u00ednica de fisioterapia especializada en Santander\",\"potentialAction\":[{\"@type\":\"SearchAction\",\"target\":{\"@type\":\"EntryPoint\",\"urlTemplate\":\"https:\\\/\\\/clinicamare.eu\\\/?s={search_term_string}\"},\"query-input\":{\"@type\":\"PropertyValueSpecification\",\"valueRequired\":true,\"valueName\":\"search_term_string\"}}],\"inLanguage\":\"en-GB\"}]}<\/script>\n<!-- \/ Yoast SEO plugin. -->","yoast_head_json":{"title":"QUIENES SOMOS - Clinica Mare","robots":{"index":"index","follow":"follow","max-snippet":"max-snippet:-1","max-image-preview":"max-image-preview:large","max-video-preview":"max-video-preview:-1"},"canonical":"https:\/\/clinicamare.eu\/en\/quienes-somos\/","og_locale":"en_GB","og_type":"article","og_title":"QUIENES SOMOS - Clinica Mare","og_description":"QUI\u00c9NES SOMOSCl\u00ednica mar\u0113 nace con la idea de crear un espacio familiar donde nuestros pacientes se sientan escuchados, cuidados y acompa\u00f1ados.Entendemos la fisioterapia como algo m\u00e1s que tratar un dolor: es ayudarte a recuperar tu bienestar, tu equilibrio y la confianza en tu cuerpo.Trabajamos desde un enfoque personalizado, adaptando cada tratamiento a lo que realmente Read more","og_url":"https:\/\/clinicamare.eu\/en\/quienes-somos\/","og_site_name":"Clinica Mare","article_modified_time":"2026-03-24T17:01:56+00:00","twitter_card":"summary_large_image","schema":{"@context":"https:\/\/schema.org","@graph":[{"@type":"WebPage","@id":"https:\/\/clinicamare.eu\/quienes-somos\/","url":"https:\/\/clinicamare.eu\/quienes-somos\/","name":"QUIENES SOMOS - Clinica Mare","isPartOf":{"@id":"https:\/\/clinicamare.eu\/#website"},"datePublished":"2026-03-24T16:46:05+00:00","dateModified":"2026-03-24T17:01:56+00:00","breadcrumb":{"@id":"https:\/\/clinicamare.eu\/quienes-somos\/#breadcrumb"},"inLanguage":"en-GB","potentialAction":[{"@type":"ReadAction","target":["https:\/\/clinicamare.eu\/quienes-somos\/"]}]},{"@type":"BreadcrumbList","@id":"https:\/\/clinicamare.eu\/quienes-somos\/#breadcrumb","itemListElement":[{"@type":"ListItem","position":1,"name":"Portada","item":"https:\/\/clinicamare.eu\/"},{"@type":"ListItem","position":2,"name":"QUIENES SOMOS"}]},{"@type":"WebSite","@id":"https:\/\/clinicamare.eu\/#website","url":"https:\/\/clinicamare.eu\/","name":"Clinica Mare","description":"Recupera tu bienestar. Cuida de lo que m\u00e1s importa. En Cl\u00ednica mar\u0113 te acompa\u00f1amos para aliviar el dolor, recuperar el movimiento y cuidar de ti y de tu beb\u00e9 con un enfoque cercano y personalizado. Somos una cl\u00ednica de fisioterapia especializada en Santander","potentialAction":[{"@type":"SearchAction","target":{"@type":"EntryPoint","urlTemplate":"https:\/\/clinicamare.eu\/?s={search_term_string}"},"query-input":{"@type":"PropertyValueSpecification","valueRequired":true,"valueName":"search_term_string"}}],"inLanguage":"en-GB"}]}},"_links":{"self":[{"href":"https:\/\/clinicamare.eu\/en\/wp-json\/wp\/v2\/pages\/527","targetHints":{"allow":["GET"]}}],"collection":[{"href":"https:\/\/clinicamare.eu\/en\/wp-json\/wp\/v2\/pages"}],"about":[{"href":"https:\/\/clinicamare.eu\/en\/wp-json\/wp\/v2\/types\/page"}],"author":[{"embeddable":true,"href":"https:\/\/clinicamare.eu\/en\/wp-json\/wp\/v2\/users\/1"}],"replies":[{"embeddable":true,"href":"https:\/\/clinicamare.eu\/en\/wp-json\/wp\/v2\/comments?post=527"}],"version-history":[{"count":7,"href":"https:\/\/clinicamare.eu\/en\/wp-json\/wp\/v2\/pages\/527\/revisions"}],"predecessor-version":[{"id":544,"href":"https:\/\/clinicamare.eu\/en\/wp-json\/wp\/v2\/pages\/527\/revisions\/544"}],"wp:attachment":[{"href":"https:\/\/clinicamare.eu\/en\/wp-json\/wp\/v2\/media?parent=527"}],"curies":[{"name":"wp","href":"https:\/\/api.w.org\/{rel}","templated":true}]}}