{"id":80,"date":"2026-03-19T12:02:39","date_gmt":"2026-03-19T12:02:39","guid":{"rendered":"https:\/\/clinicamare.eu\/?page_id=80"},"modified":"2026-03-26T08:27:37","modified_gmt":"2026-03-26T08:27:37","slug":"politica-de-privacidad","status":"publish","type":"page","link":"https:\/\/clinicamare.eu\/en\/politica-de-privacidad\/","title":{"rendered":"POLITICA DE PRIVACIDAD"},"content":{"rendered":"<p>[et_pb_section fb_built=\u00bb1&#8243; admin_label=\u00bbHeader &#038; Contact Form\u00bb _builder_version=\u00bb4.23.1&#8243; _module_preset=\u00bbdefault\u00bb background_color=\u00bbgcid-8ce98ce1-4460-49e4-9cd7-b148b47c216c\u00bb collapsed=\u00bbon\u00bb global_colors_info=\u00bb{%22gcid-8ce98ce1-4460-49e4-9cd7-b148b47c216c%22:%91%22background_color%22%93}\u00bb][et_pb_row _builder_version=\u00bb4.23.1&#8243; _module_preset=\u00bbdefault\u00bb global_colors_info=\u00bb{}\u00bb][et_pb_column type=\u00bb4_4&#8243; _builder_version=\u00bb4.23.1&#8243; _module_preset=\u00bbdefault\u00bb global_colors_info=\u00bb{}\u00bb][et_pb_text _builder_version=\u00bb4.23.1&#8243; _module_preset=\u00bb9bc9e94b-d3a1-49ad-abb7-22dd91b5dc0c\u00bb global_colors_info=\u00bb{}\u00bb]<\/p>\n<h1>Pol\u00edtica de privacidad<\/h1>\n<p>[\/et_pb_text][\/et_pb_column][\/et_pb_row][et_pb_row _builder_version=\u00bb4.27.5&#8243; _module_preset=\u00bbdefault\u00bb global_colors_info=\u00bb{}\u00bb][et_pb_column type=\u00bb4_4&#8243; _builder_version=\u00bb4.27.5&#8243; _module_preset=\u00bbdefault\u00bb global_colors_info=\u00bb{}\u00bb][et_pb_text _builder_version=\u00bb4.27.5&#8243; _module_preset=\u00bbdefault\u00bb hover_enabled=\u00bb0&#8243; global_colors_info=\u00bb{}\u00bb sticky_enabled=\u00bb0&#8243;]<\/p>\n<p>AVISO\u00a0LEGAL:\u00a0Este mensaje y sus\u00a0archivos adjuntos\u00a0van dirigidos\u00a0exclusivamente a su destinatario,\u00a0pudiendo contener informaci\u00f3n\u00a0confidencial sometida a secreto\u00a0profesional. No est\u00e1 permitida su\u00a0comunicaci\u00f3n,\u00a0reproducci\u00f3n o\u00a0distribuci\u00f3n sin la autorizaci\u00f3n\u00a0expresa de\u00a0LORENA SOTO LOPEZ\u00a0(CLINICA MARE).\u00a0Si usted no es el\u00a0destinatario final, por\u00a0favor elim\u00ednelo\u00a0e inf\u00f3rmenos por esta v\u00eda.<\/p>\n<p>PROTECCCI\u00d3N\u00a0DE DATOS:\u00a0En\u00a0cumplimiento de lo dispuesto en el\u00a0art\u00edculo 13 del Reglamento (UE)\u00a02016\/679 del Parlamento Europeo y\u00a0del Consejo\u00a0de 27 de abril de 2016,\u00a0relativo a la protecci\u00f3n de las\u00a0personas f\u00edsicas en lo\u00a0que respecta\u00a0al tratamiento de datos personales y\u00a0a la libre circulaci\u00f3n de\u00a0estos(RGPD) y la Ley Org\u00e1nica 3\/2018,\u00a0de\u00a05 de diciembre, de Protecci\u00f3n de\u00a0Datos Personales y Garant\u00eda de los\u00a0Derechos Digitales (LOPDGDD), le\u00a0informamos\u00a0que los datos\u00a0personales recabados del propio\u00a0interesado,\u00a0ser\u00e1n\u00a0tratados por\u00a0LORENA SOTO LOPEZ (CLINICA\u00a0MARE)\u00a0como responsable deltratamiento, con la finalidad de\u00a0atender su\u00a0correspondiente solicitud,\u00a0mantener, desarrollar y controlar la\u00a0relaci\u00f3n\u00a0comercial o contractual, as\u00ed\u00a0como para remitirle la informaci\u00f3n\u00a0solicitadasobre nuestros productos y\u00a0servicios. Los datos ser\u00e1nconservados mientras sean\u00a0necesarios para cumplir con lafinalidad pretendida, mientras\u00a0ninguna de las\u00a0partes se oponga a\u00a0ello o durante el per\u00edodo necesario\u00a0para cumplir con lasobligaciones\u00a0legales. Se garantiza un tratamiento\u00a0de datos leal y transparente.\u00a0No se\u00a0prev\u00e9n cesiones o comunicaciones\u00a0de datos salvo en los casos en que\u00a0exista una obligaci\u00f3n legal.<\/p>\n<p>Le informamos\u00a0que los derechos de\u00a0acceso, rectificaci\u00f3n, supresi\u00f3n,\u00a0limitaci\u00f3n de\u00a0tratamiento, u oposici\u00f3n\u00a0al tratamiento, as\u00ed como el derecho a\u00a0la portabilidad\u00a0de los datos podr\u00e1n\u00a0ser ejercitados ante el Responsable\u00a0del tratamiento por\u00a0cualquier medio\u00a0sujeto en derecho, acompa\u00f1ado de\u00a0copia de documento oficial que\u00a0le\u00a0identifique dirigi\u00e9ndose a:\u00a0AVENIDA\u00a0CARDENALHERRERA ORIA 106\u00a0BAJO\u00a039011\u00a0SANTANDER\u00a0CANTABRIA\u00a0o enviando un mensaje\u00a0al correo electr\u00f3nico<a href=\"mailto:contacto@clinicamare.es\">contacto@clinicamare.es<\/a>, seg\u00fan\u00a0los\u00a0t\u00e9rminos que la normativa aplicable\u00a0establece. Puede consultar la\u00a0informaci\u00f3n adicional y detallada\u00a0sobre Protecci\u00f3n de Datos en\u00a0<a href=\"http:\/\/www.clinicamare.es\/\">www.clinicamare.es<\/a>. Si considera\u00a0que el tratamiento no\u00a0se ajusta a la\u00a0normativa vigente, podr\u00e1 presentar\u00a0una reclamaci\u00f3n ante la\u00a0autoridad decontrol (Agencia Espa\u00f1ola de\u00a0Protecci\u00f3n de Datos) en<a href=\"http:\/\/www.agpd.es\/\">www.a<\/a>epd.es<\/p>\n<p>[\/et_pb_text][\/et_pb_column][\/et_pb_row][\/et_pb_section]<\/p>\n","protected":false},"excerpt":{"rendered":"<p>Pol\u00edtica de privacidadAVISO\u00a0LEGAL:\u00a0Este mensaje y sus\u00a0archivos adjuntos\u00a0van dirigidos\u00a0exclusivamente a su destinatario,\u00a0pudiendo contener informaci\u00f3n\u00a0confidencial sometida a secreto\u00a0profesional. No est\u00e1 permitida su\u00a0comunicaci\u00f3n,\u00a0reproducci\u00f3n o\u00a0distribuci\u00f3n sin la autorizaci\u00f3n\u00a0expresa de\u00a0LORENA SOTO LOPEZ\u00a0(CLINICA MARE).\u00a0Si usted no es el\u00a0destinatario final, por\u00a0favor elim\u00ednelo\u00a0e inf\u00f3rmenos por esta v\u00eda. PROTECCCI\u00d3N\u00a0DE DATOS:\u00a0En\u00a0cumplimiento de lo dispuesto en el\u00a0art\u00edculo 13 del Reglamento (UE)\u00a02016\/679 del Parlamento Europeo y\u00a0del Consejo\u00a0de <a href=\"https:\/\/clinicamare.eu\/en\/politica-de-privacidad\/\" class=\"more-link\" aria-label=\"Read more about POLITICA DE PRIVACIDAD\">Read more<\/a><\/p>","protected":false},"author":1,"featured_media":0,"parent":0,"menu_order":0,"comment_status":"closed","ping_status":"closed","template":"","meta":{"_et_pb_use_builder":"on","_et_pb_old_content":"","_et_gb_content_width":"","_monsterinsights_skip_tracking":false,"_monsterinsights_sitenote_active":false,"_monsterinsights_sitenote_note":"","_monsterinsights_sitenote_category":0,"_joinchat":[],"footnotes":""},"class_list":["post-80","page","type-page","status-publish","hentry"],"yoast_head":"<!-- This site is optimized with the Yoast SEO plugin v27.5 - https:\/\/yoast.com\/product\/yoast-seo-wordpress\/ -->\n<title>POLITICA DE PRIVACIDAD - Clinica Mare<\/title>\n<meta name=\"robots\" content=\"index, follow, max-snippet:-1, max-image-preview:large, max-video-preview:-1\" \/>\n<link rel=\"canonical\" href=\"https:\/\/clinicamare.eu\/en\/politica-de-privacidad\/\" \/>\n<meta property=\"og:locale\" content=\"en_GB\" \/>\n<meta property=\"og:type\" content=\"article\" \/>\n<meta property=\"og:title\" content=\"POLITICA DE PRIVACIDAD - Clinica Mare\" \/>\n<meta property=\"og:description\" content=\"Pol\u00edtica de privacidadAVISO\u00a0LEGAL:\u00a0Este mensaje y sus\u00a0archivos adjuntos\u00a0van dirigidos\u00a0exclusivamente a su destinatario,\u00a0pudiendo contener informaci\u00f3n\u00a0confidencial sometida a secreto\u00a0profesional. No est\u00e1 permitida su\u00a0comunicaci\u00f3n,\u00a0reproducci\u00f3n o\u00a0distribuci\u00f3n sin la autorizaci\u00f3n\u00a0expresa de\u00a0LORENA SOTO LOPEZ\u00a0(CLINICA MARE).\u00a0Si usted no es el\u00a0destinatario final, por\u00a0favor elim\u00ednelo\u00a0e inf\u00f3rmenos por esta v\u00eda. PROTECCCI\u00d3N\u00a0DE DATOS:\u00a0En\u00a0cumplimiento de lo dispuesto en el\u00a0art\u00edculo 13 del Reglamento (UE)\u00a02016\/679 del Parlamento Europeo y\u00a0del Consejo\u00a0de Read more\" \/>\n<meta property=\"og:url\" content=\"https:\/\/clinicamare.eu\/en\/politica-de-privacidad\/\" \/>\n<meta property=\"og:site_name\" content=\"Clinica Mare\" \/>\n<meta property=\"article:modified_time\" content=\"2026-03-26T08:27:37+00:00\" \/>\n<meta name=\"twitter:card\" content=\"summary_large_image\" \/>\n<script type=\"application\/ld+json\" class=\"yoast-schema-graph\">{\"@context\":\"https:\\\/\\\/schema.org\",\"@graph\":[{\"@type\":\"WebPage\",\"@id\":\"https:\\\/\\\/clinicamare.eu\\\/politica-de-privacidad\\\/\",\"url\":\"https:\\\/\\\/clinicamare.eu\\\/politica-de-privacidad\\\/\",\"name\":\"POLITICA DE PRIVACIDAD - Clinica Mare\",\"isPartOf\":{\"@id\":\"https:\\\/\\\/clinicamare.eu\\\/#website\"},\"datePublished\":\"2026-03-19T12:02:39+00:00\",\"dateModified\":\"2026-03-26T08:27:37+00:00\",\"breadcrumb\":{\"@id\":\"https:\\\/\\\/clinicamare.eu\\\/politica-de-privacidad\\\/#breadcrumb\"},\"inLanguage\":\"en-GB\",\"potentialAction\":[{\"@type\":\"ReadAction\",\"target\":[\"https:\\\/\\\/clinicamare.eu\\\/politica-de-privacidad\\\/\"]}]},{\"@type\":\"BreadcrumbList\",\"@id\":\"https:\\\/\\\/clinicamare.eu\\\/politica-de-privacidad\\\/#breadcrumb\",\"itemListElement\":[{\"@type\":\"ListItem\",\"position\":1,\"name\":\"Portada\",\"item\":\"https:\\\/\\\/clinicamare.eu\\\/\"},{\"@type\":\"ListItem\",\"position\":2,\"name\":\"POLITICA DE PRIVACIDAD\"}]},{\"@type\":\"WebSite\",\"@id\":\"https:\\\/\\\/clinicamare.eu\\\/#website\",\"url\":\"https:\\\/\\\/clinicamare.eu\\\/\",\"name\":\"Clinica Mare\",\"description\":\"Recupera tu bienestar. Cuida de lo que m\u00e1s importa. En Cl\u00ednica mar\u0113 te acompa\u00f1amos para aliviar el dolor, recuperar el movimiento y cuidar de ti y de tu beb\u00e9 con un enfoque cercano y personalizado. Somos una cl\u00ednica de fisioterapia especializada en Santander\",\"potentialAction\":[{\"@type\":\"SearchAction\",\"target\":{\"@type\":\"EntryPoint\",\"urlTemplate\":\"https:\\\/\\\/clinicamare.eu\\\/?s={search_term_string}\"},\"query-input\":{\"@type\":\"PropertyValueSpecification\",\"valueRequired\":true,\"valueName\":\"search_term_string\"}}],\"inLanguage\":\"en-GB\"}]}<\/script>\n<!-- \/ Yoast SEO plugin. -->","yoast_head_json":{"title":"POLITICA DE PRIVACIDAD - Clinica Mare","robots":{"index":"index","follow":"follow","max-snippet":"max-snippet:-1","max-image-preview":"max-image-preview:large","max-video-preview":"max-video-preview:-1"},"canonical":"https:\/\/clinicamare.eu\/en\/politica-de-privacidad\/","og_locale":"en_GB","og_type":"article","og_title":"POLITICA DE PRIVACIDAD - Clinica Mare","og_description":"Pol\u00edtica de privacidadAVISO\u00a0LEGAL:\u00a0Este mensaje y sus\u00a0archivos adjuntos\u00a0van dirigidos\u00a0exclusivamente a su destinatario,\u00a0pudiendo contener informaci\u00f3n\u00a0confidencial sometida a secreto\u00a0profesional. No est\u00e1 permitida su\u00a0comunicaci\u00f3n,\u00a0reproducci\u00f3n o\u00a0distribuci\u00f3n sin la autorizaci\u00f3n\u00a0expresa de\u00a0LORENA SOTO LOPEZ\u00a0(CLINICA MARE).\u00a0Si usted no es el\u00a0destinatario final, por\u00a0favor elim\u00ednelo\u00a0e inf\u00f3rmenos por esta v\u00eda. PROTECCCI\u00d3N\u00a0DE DATOS:\u00a0En\u00a0cumplimiento de lo dispuesto en el\u00a0art\u00edculo 13 del Reglamento (UE)\u00a02016\/679 del Parlamento Europeo y\u00a0del Consejo\u00a0de Read more","og_url":"https:\/\/clinicamare.eu\/en\/politica-de-privacidad\/","og_site_name":"Clinica Mare","article_modified_time":"2026-03-26T08:27:37+00:00","twitter_card":"summary_large_image","schema":{"@context":"https:\/\/schema.org","@graph":[{"@type":"WebPage","@id":"https:\/\/clinicamare.eu\/politica-de-privacidad\/","url":"https:\/\/clinicamare.eu\/politica-de-privacidad\/","name":"POLITICA DE PRIVACIDAD - Clinica Mare","isPartOf":{"@id":"https:\/\/clinicamare.eu\/#website"},"datePublished":"2026-03-19T12:02:39+00:00","dateModified":"2026-03-26T08:27:37+00:00","breadcrumb":{"@id":"https:\/\/clinicamare.eu\/politica-de-privacidad\/#breadcrumb"},"inLanguage":"en-GB","potentialAction":[{"@type":"ReadAction","target":["https:\/\/clinicamare.eu\/politica-de-privacidad\/"]}]},{"@type":"BreadcrumbList","@id":"https:\/\/clinicamare.eu\/politica-de-privacidad\/#breadcrumb","itemListElement":[{"@type":"ListItem","position":1,"name":"Portada","item":"https:\/\/clinicamare.eu\/"},{"@type":"ListItem","position":2,"name":"POLITICA DE PRIVACIDAD"}]},{"@type":"WebSite","@id":"https:\/\/clinicamare.eu\/#website","url":"https:\/\/clinicamare.eu\/","name":"Clinica Mare","description":"Recupera tu bienestar. Cuida de lo que m\u00e1s importa. En Cl\u00ednica mar\u0113 te acompa\u00f1amos para aliviar el dolor, recuperar el movimiento y cuidar de ti y de tu beb\u00e9 con un enfoque cercano y personalizado. Somos una cl\u00ednica de fisioterapia especializada en Santander","potentialAction":[{"@type":"SearchAction","target":{"@type":"EntryPoint","urlTemplate":"https:\/\/clinicamare.eu\/?s={search_term_string}"},"query-input":{"@type":"PropertyValueSpecification","valueRequired":true,"valueName":"search_term_string"}}],"inLanguage":"en-GB"}]}},"_links":{"self":[{"href":"https:\/\/clinicamare.eu\/en\/wp-json\/wp\/v2\/pages\/80","targetHints":{"allow":["GET"]}}],"collection":[{"href":"https:\/\/clinicamare.eu\/en\/wp-json\/wp\/v2\/pages"}],"about":[{"href":"https:\/\/clinicamare.eu\/en\/wp-json\/wp\/v2\/types\/page"}],"author":[{"embeddable":true,"href":"https:\/\/clinicamare.eu\/en\/wp-json\/wp\/v2\/users\/1"}],"replies":[{"embeddable":true,"href":"https:\/\/clinicamare.eu\/en\/wp-json\/wp\/v2\/comments?post=80"}],"version-history":[{"count":3,"href":"https:\/\/clinicamare.eu\/en\/wp-json\/wp\/v2\/pages\/80\/revisions"}],"predecessor-version":[{"id":668,"href":"https:\/\/clinicamare.eu\/en\/wp-json\/wp\/v2\/pages\/80\/revisions\/668"}],"wp:attachment":[{"href":"https:\/\/clinicamare.eu\/en\/wp-json\/wp\/v2\/media?parent=80"}],"curies":[{"name":"wp","href":"https:\/\/api.w.org\/{rel}","templated":true}]}}